{"id":508,"date":"2019-07-02T12:05:32","date_gmt":"2019-07-02T12:05:32","guid":{"rendered":"http:\/\/democontent.codex-themes.com\/sites\/fashion-magazine\/?page_id=508"},"modified":"2022-11-04T22:18:29","modified_gmt":"2022-11-04T22:18:29","slug":"arts-lifestyle","status":"publish","type":"page","link":"https:\/\/portugal24.pt\/?page_id=508","title":{"rendered":"Portugal 24"},"content":{"rendered":"<div class=\"wpb-content-wrapper\"><p>[vc_row][vc_column]<style>.portfolio.news-grid#style-b3c0156 .portfolio-item:not(.size-item), .preloader#style-preloader-b3c0156 .portfolio-item { padding: calc(42px\/2) !important; }.portfolio.news-grid#style-b3c0156 .portfolio-item.size-item { padding: 0 calc(42px\/2) !important; }.portfolio.news-grid#style-b3c0156 .portfolio-row, .preloader#style-preloader-b3c0156 .skeleton-posts.portfolio-row { margin: calc(-42px\/2); }.portfolio.news-grid#style-b3c0156.fullwidth-columns .portfolio-row { margin: calc(-42px\/2) 0; }.portfolio.news-grid#style-b3c0156 .fullwidth-block:not(.no-paddings) { padding-left: 42px; padding-right: 42px; }.portfolio.news-grid#style-b3c0156 .fullwidth-block .portfolio-row { padding-left: calc(42px\/2); padding-right: calc(42px\/2); }.portfolio.news-grid#style-b3c0156 .fullwidth-block .portfolio-top-panel { padding-left: 42px; padding-right: 42px; }.portfolio.news-grid#style-b3c0156.fullwidth-columns .with-filter-sidebar .filter-sidebar { padding-left: 42px; }.portfolio.news-grid#style-b3c0156.list-style.with-divider .portfolio-item .wrap:before { top: calc(-42px\/2); }.portfolio.news-grid#style-b3c0156 .portfolio-item .caption .title span { letter-spacing: px !important; }<\/style><style>.portfolio.news-grid#style-b3c0156 .portfolio-filters { text-align: center; }<\/style><div id=\"style-preloader-b3c0156\" class=\"preloader save-space\"><div class=\"preloader-spin\"><\/div><\/div> <div class=\"portfolio-preloader-wrapper panel-sidebar-position-left\"> <div class=\"portfolio portfolio-grid extended-portfolio-grid news-grid no-padding portfolio-pagination-normal portfolio-style-masonry background-style-transparent title-style-light hover-new-circular title-on-page caption-position-page version-new loading-animation item-animation-move-up portfolio-items-masonry columns-2 columns-tablet-2 columns-mobile-1 \" id=\"style-b3c0156\" data-style-uid=\"b3c0156\" data-portfolio-uid=\"grid_d89493d\" data-current-page=\"1\" data-per-page=\"4\" data-next-page=\"2\" data-pages-count=\"2\" data-hover=\"circular\" data-portfolio-filter=\"[]\" data-portfolio-filter-attributes=\"null\" data-portfolio-filter-search=\"\"> <div class=\"portfolio-row-outer \"> <div class=\"portfolio-top-panel filter-type-default selected-only\"> <div class=\"portfolio-top-panel-row filter-style-buttons\"> <div class=\"portfolio-top-panel-left\"><div class=\"portfolio-filter-item portfolio-selected-filters left\"> <div class=\"portfolio-selected-filter-item clear-filters\"> Clear Filters\t<\/div> <\/div> <\/div> <div class=\"portfolio-top-panel-right\"> <\/div> <\/div> <\/div> <div class=\"row portfolio-row\"> <div class=\"portfolio-set clearfix\" data-max-row-height=\"380\"> <div class=\"portfolio-item opiniao portugal24 col-xs-12 col-sm-6 col-md-6 item-animations-not-inited post-hide-date appearance-type- post-1447 post type-post status-publish format-standard category-opiniao category-portugal24\" data-default-sort=\"0\" data-sort-date=\"1706474409\"> <div class=\"wrap clearfix\"> <div class=\"image post-1447 post type-post status-publish format-standard category-opiniao category-portugal24\"> <div class=\"image-inner without-image\"> <\/div> <div class=\"overlay\"> <div class=\"overlay-circle\"><\/div> <div class=\"links-wrapper\"> <div class=\"links\"> <div class=\"caption\"> <a href=\"https:\/\/portugal24.pt\/?p=1447\" class=\"portfolio-item-link\"> <span class=\"screen-reader-text\">Novos Movimentos de Protesto\u200a\u2014\u200aO jacar\u00e9 que comeu o tratador<\/span> <\/a> <div class=\"portfolio-icons\"> <a href=\"javascript: void(0);\" class=\"icon self-link\"><i class=\"default\"><\/i><\/a> <\/div> <div class=\"info\"> <a class=\"additional-meta\" data-filter-type=\"taxonomies\" data-attr=\"category\" data-filter=\"opiniao\">Opini\u00e3o<\/a><span class=\"sep\"><\/span> <a class=\"additional-meta\" data-filter-type=\"taxonomies\" data-attr=\"category\" data-filter=\"portugal24\">Portugal24<\/a> <\/div> <\/div> <\/div> <\/div> <\/div> <\/div> <div class=\"caption post-1447 post type-post status-publish format-standard category-opiniao category-portugal24\"> <div class=\"title\"> <span class=\"title-h4 \"><a href=\"https:\/\/portugal24.pt\/?p=1447\" rel=\"bookmark\">Novos Movimentos de Protesto\u200a\u2014\u200aO jacar\u00e9 que comeu o tratador<\/a><\/span> <\/div> <div class=\"description \"> <p>P\u00e1scoa, das contradi\u00e7\u00f5es entre reclamar e propor solu\u00e7\u00f5es a prop\u00f3sito da habita\u00e7\u00e3o, da sa\u00fade, do ensino, da agricultura. Aqueles que&#8230;<\/p> <\/div> <\/div> <\/div> <\/div> <div class=\"portfolio-item opiniao portugal24 col-xs-12 col-sm-6 col-md-6 item-animations-not-inited post-hide-date appearance-type- post-1423 post type-post status-publish format-standard has-post-thumbnail category-opiniao category-portugal24 tag-derrick-ofosu-boateng tag-grupos-etnicos tag-guardian tag-lemon-joy tag-tim-adams\" data-default-sort=\"0\" data-sort-date=\"1706463623\"> <div class=\"wrap clearfix\"> <div class=\"image post-1423 post type-post status-publish format-standard has-post-thumbnail category-opiniao category-portugal24 tag-derrick-ofosu-boateng tag-grupos-etnicos tag-guardian tag-lemon-joy tag-tim-adams\"> <div class=\"image-inner \"> <div class=\"post-featured-content\"><a href=\"https:\/\/portugal24.pt\/?p=1423\"> <picture> <img decoding=\"async\" src=\"https:\/\/portugal24.pt\/wp-content\/uploads\/2024\/01\/Gahna-1-thegem-portfolio-masonry.jpg\" width=\"754\" height=\"485\" class=\"img-responsive\" alt=\"Gahna\" \/> <\/picture> <\/a><\/div> <\/div> <div class=\"overlay\"> <div class=\"overlay-circle\"><\/div> <div class=\"links-wrapper\"> <div class=\"links\"> <div class=\"caption\"> <a href=\"https:\/\/portugal24.pt\/?p=1423\" class=\"portfolio-item-link\"> <span class=\"screen-reader-text\">&#8220;Lemon Joy&#8221;<\/span> <\/a> <div class=\"portfolio-icons\"> <a href=\"javascript: void(0);\" class=\"icon self-link\"><i class=\"default\"><\/i><\/a> <\/div> <div class=\"info\"> <a class=\"additional-meta\" data-filter-type=\"taxonomies\" data-attr=\"category\" data-filter=\"opiniao\">Opini\u00e3o<\/a><span class=\"sep\"><\/span> <a class=\"additional-meta\" data-filter-type=\"taxonomies\" data-attr=\"category\" data-filter=\"portugal24\">Portugal24<\/a> <\/div> <\/div> <\/div> <\/div> <\/div> <\/div> <div class=\"caption post-1423 post type-post status-publish format-standard has-post-thumbnail category-opiniao category-portugal24 tag-derrick-ofosu-boateng tag-grupos-etnicos tag-guardian tag-lemon-joy tag-tim-adams\"> <div class=\"title\"> <span class=\"title-h4 \"><a href=\"https:\/\/portugal24.pt\/?p=1423\" rel=\"bookmark\">&#8220;Lemon Joy&#8221;<\/a><\/span> <\/div> <div class=\"description \"> <p>Esta extraordin\u00e1ria fotografia da autoria de Derrick Ofosu Boateng, publicada por Tim Adams, no Guardian, em maio do ano passado,&#8230;<\/p> <\/div> <\/div> <\/div> <\/div> <div class=\"portfolio-item portugal24 col-xs-12 col-sm-6 col-md-6 item-animations-not-inited post-hide-date appearance-type- post-1342 post type-post status-publish format-standard has-post-thumbnail category-portugal24 tag-ana-filipa-cardoso tag-area-de-neurobiologia tag-bioquimica tag-cerebro tag-fundacao-champalimaud tag-obesidade tag-premio-internacional tag-sistema-nervoso\" data-default-sort=\"0\" data-sort-date=\"1667506020\"> <div class=\"wrap clearfix\"> <div class=\"image post-1342 post type-post status-publish format-standard has-post-thumbnail category-portugal24 tag-ana-filipa-cardoso tag-area-de-neurobiologia tag-bioquimica tag-cerebro tag-fundacao-champalimaud tag-obesidade tag-premio-internacional tag-sistema-nervoso\"> <div class=\"image-inner \"> <div class=\"post-featured-content\"><a href=\"https:\/\/portugal24.pt\/?p=1342\"> <picture> <img decoding=\"async\" src=\"https:\/\/portugal24.pt\/wp-content\/uploads\/2022\/11\/Fundacao-Champalimaud-thegem-portfolio-masonry.jpg\" width=\"754\" height=\"423\" class=\"img-responsive\" alt=\"Funda\u00e7\u00e3o Champalimaud\" \/> <\/picture> <\/a><\/div> <\/div> <div class=\"overlay\"> <div class=\"overlay-circle\"><\/div> <div class=\"links-wrapper\"> <div class=\"links\"> <div class=\"caption\"> <a href=\"https:\/\/portugal24.pt\/?p=1342\" class=\"portfolio-item-link\"> <span class=\"screen-reader-text\">Investigadora da Funda\u00e7\u00e3o Champalimaud distinguida com pr\u00e9mio internacional<\/span> <\/a> <div class=\"portfolio-icons\"> <a href=\"javascript: void(0);\" class=\"icon self-link\"><i class=\"default\"><\/i><\/a> <\/div> <div class=\"info\"> <a class=\"additional-meta\" data-filter-type=\"taxonomies\" data-attr=\"category\" data-filter=\"portugal24\">Portugal24<\/a> <\/div> <\/div> <\/div> <\/div> <\/div> <\/div> <div class=\"caption post-1342 post type-post status-publish format-standard has-post-thumbnail category-portugal24 tag-ana-filipa-cardoso tag-area-de-neurobiologia tag-bioquimica tag-cerebro tag-fundacao-champalimaud tag-obesidade tag-premio-internacional tag-sistema-nervoso\"> <div class=\"title\"> <span class=\"title-h4 \"><a href=\"https:\/\/portugal24.pt\/?p=1342\" rel=\"bookmark\">Investigadora da Funda\u00e7\u00e3o Champalimaud distinguida com pr\u00e9mio internacional<\/a><\/span> <\/div> <div class=\"description \"> <p>A investigadora Ana Filipa Cardoso da Funda\u00e7\u00e3o Champalimaud foi reconhecida por um pr\u00e9mio internacional da \u00e1rea de neurobiologia por um&#8230;<\/p> <\/div> <\/div> <\/div> <\/div> <div class=\"portfolio-item portugal24 col-xs-12 col-sm-6 col-md-6 item-animations-not-inited post-hide-date appearance-type- post-1335 post type-post status-publish format-standard has-post-thumbnail category-portugal24 tag-bain-capital-credit tag-cascaisvilla tag-cbre-portugal tag-filippo-buffa-di-perrero tag-nuno-nunes\" data-default-sort=\"0\" data-sort-date=\"1667503755\"> <div class=\"wrap clearfix\"> <div class=\"image post-1335 post type-post status-publish format-standard has-post-thumbnail category-portugal24 tag-bain-capital-credit tag-cascaisvilla tag-cbre-portugal tag-filippo-buffa-di-perrero tag-nuno-nunes\"> <div class=\"image-inner \"> <div class=\"post-featured-content\"><a href=\"https:\/\/portugal24.pt\/?p=1335\"> <picture> <img decoding=\"async\" src=\"https:\/\/portugal24.pt\/wp-content\/uploads\/2022\/11\/CascaisVilla-thegem-portfolio-masonry.jpg\" width=\"754\" height=\"504\" class=\"img-responsive\" alt=\"CascaisVilla\" \/> <\/picture> <\/a><\/div> <\/div> <div class=\"overlay\"> <div class=\"overlay-circle\"><\/div> <div class=\"links-wrapper\"> <div class=\"links\"> <div class=\"caption\"> <a href=\"https:\/\/portugal24.pt\/?p=1335\" class=\"portfolio-item-link\"> <span class=\"screen-reader-text\">Centro Comercial CascaisVilla vendido para demolir<\/span> <\/a> <div class=\"portfolio-icons\"> <a href=\"javascript: void(0);\" class=\"icon self-link\"><i class=\"default\"><\/i><\/a> <\/div> <div class=\"info\"> <a class=\"additional-meta\" data-filter-type=\"taxonomies\" data-attr=\"category\" data-filter=\"portugal24\">Portugal24<\/a> <\/div> <\/div> <\/div> <\/div> <\/div> <\/div> <div class=\"caption post-1335 post type-post status-publish format-standard has-post-thumbnail category-portugal24 tag-bain-capital-credit tag-cascaisvilla tag-cbre-portugal tag-filippo-buffa-di-perrero tag-nuno-nunes\"> <div class=\"title\"> <span class=\"title-h4 \"><a href=\"https:\/\/portugal24.pt\/?p=1335\" rel=\"bookmark\">Centro Comercial CascaisVilla vendido para demolir<\/a><\/span> <\/div> <div class=\"description \"> <p>A CBRE Portugal anunciou atrav\u00e9s das redes sociais, que assessorou a Bain Capital Credit, sociedade de investimento sediada nos EUA,&#8230;<\/p> <\/div> <\/div> <\/div> <\/div> <\/div><!-- .portflio-set --> <div class=\"portfolio-item-size-container\"> <div class=\"portfolio-item col-xs-12 col-sm-6 col-md-6 item-animations-not-inited post-hide-date post-1335 post type-post status-publish format-standard has-post-thumbnail category-portugal24 tag-bain-capital-credit tag-cascaisvilla tag-cbre-portugal tag-filippo-buffa-di-perrero tag-nuno-nunes\"> <\/div> <\/div> <\/div><!-- .row--> <div class=\"portfolio-navigator gem-pagination\"> <a href=\"#\" class=\"prev\"> <i class=\"default\"><\/i> <\/a> <div class=\"pages\"><\/div> <a href=\"#\" class=\"next\"> <i class=\"default\"><\/i> <\/a> <\/div> <\/div><!-- .full-width --> <\/div><!-- .portfolio--> <\/div><!-- .portfolio-preloader-wrapper-->[\/vc_column][\/vc_row][vc_row][vc_column]<div class=\"clearboth\"><\/div><style>#thegem-divider-69e2322e5c1f1 {margin-top: 15px !important;}<\/style><div id=\"thegem-divider-69e2322e5c1f1\" class=\"gem-divider  \" style=\"\" ><\/div><div class=\"centered-box gem-image-centered-box\"><div class=\"gem-image gem-wrapbox gem-wrapbox-style-default gem-wrapbox-position-centered lazy-loading\"  style=\"\"><div class=\"gem-wrapbox-inner  lazy-loading-item\"  data-ll-effect=\"move-up\"><img decoding=\"async\" class=\"gem-wrapbox-element img-responsive\" src=\"https:\/\/portugal24.pt\/wp-content\/uploads\/2019\/07\/1-1.jpg\" alt=\"\"\/><\/div><\/div><\/div>[\/vc_column][\/vc_row][vc_row][vc_column]<div class=\"clearboth\"><\/div><style>#thegem-divider-69e2322e5c73f {margin-top: 30px !important;}<\/style><div id=\"thegem-divider-69e2322e5c73f\" class=\"gem-divider  \" style=\"\" ><\/div><style>.portfolio.news-grid#style-a92408a .portfolio-item:not(.size-item), .preloader#style-preloader-a92408a .portfolio-item { padding: calc(42px\/2) !important; }.portfolio.news-grid#style-a92408a .portfolio-item.size-item { padding: 0 calc(42px\/2) !important; }.portfolio.news-grid#style-a92408a .portfolio-row, .preloader#style-preloader-a92408a .skeleton-posts.portfolio-row { margin: calc(-42px\/2); }.portfolio.news-grid#style-a92408a.fullwidth-columns .portfolio-row { margin: calc(-42px\/2) 0; }.portfolio.news-grid#style-a92408a .fullwidth-block:not(.no-paddings) { padding-left: 42px; padding-right: 42px; }.portfolio.news-grid#style-a92408a .fullwidth-block .portfolio-row { padding-left: calc(42px\/2); padding-right: calc(42px\/2); }.portfolio.news-grid#style-a92408a .fullwidth-block .portfolio-top-panel { padding-left: 42px; padding-right: 42px; }.portfolio.news-grid#style-a92408a.fullwidth-columns .with-filter-sidebar .filter-sidebar { padding-left: 42px; }.portfolio.news-grid#style-a92408a.list-style.with-divider .portfolio-item .wrap:before { top: calc(-42px\/2); }.portfolio.news-grid#style-a92408a .portfolio-item .caption .title span { letter-spacing: px !important; }<\/style><style>.portfolio.news-grid#style-a92408a .portfolio-filters { text-align: center; }<\/style>[\/vc_column][\/vc_row][vc_row][vc_column]<div class=\"clearboth\"><\/div><style>#thegem-divider-69e2322e5e7bb {margin-top: 20px !important;}<\/style><div id=\"thegem-divider-69e2322e5e7bb\" class=\"gem-divider  \" style=\"\" ><\/div><div class=\"preloader default-background gem-blog-slider-preloader\"><div class=\"preloader-spin-new\"><\/div><\/div><div class=\"gem-blog-slider gem-blog-slider-style-fullwidth clearfix\" data-autoscroll=\"5000\"> <article id=\"post-553\" class=\"no-image clearfix post-553 post type-post status-publish format-standard has-post-thumbnail category-art tag-beauty tag-lifestyle\"> <div class=\"gem-slider-item-image\"> <a href=\"https:\/\/portugal24.pt\/?p=553\"><img decoding=\"async\" width=\"1170\" height=\"525\" src=\"https:\/\/portugal24.pt\/wp-content\/uploads\/2019\/07\/8-1-thegem-blog-slider-fullwidth.jpg\" class=\"img-responsive wp-post-image\" alt=\"8 (Demo)\" \/><\/a> <\/div> <div class=\"gem-slider-item-overlay\" style=\"background-color: rgba(0,0,0,0.6)\"> <div class=\"gem-compact-item-content\"> <div class=\"post-title\"> <h5 class=\"entry-title reverse-link-color\"><a href=\"https:\/\/portugal24.pt\/?p=553\" rel=\"bookmark\" style=\"color: #ffffff\" onmouseenter=\"jQuery(this).data('color', this.style.color);this.style.color='#cecece';\" onmouseleave=\"this.style.color=jQuery(this).data('color');\"><span class=\"light\">The Supermodel-Approved Resort To Check Into Summer (Demo)<\/span><\/a><\/h5> <\/div> <div class=\"post-text date-color\"> <div class=\"summary\" style=\"color: #ffffff\"> <p>Lorem ipsum dolor sit amet, consectetur adipisicing elit, sed do eiusmod tempor incididunt ut labore et dolore magna aliqua. Enim ad minim veniam, quis ut aliquip ex ea commodo consequat.<\/p> <\/div> <\/div> <\/div> <div class=\"post-meta date-color\"> <div class=\"entry-meta clearfix gem-post-date\"> <div class=\"post-meta-right\"> <\/div> <div class=\"post-meta-left\"> <\/div> <\/div><!-- .entry-meta --> <\/div> <\/div> <\/article><!-- #post-553 --> <\/div><div class=\"clearboth\"><\/div><style>#thegem-divider-69e2322e62c97 {margin-top: 60px !important;}<\/style><div id=\"thegem-divider-69e2322e62c97\" class=\"gem-divider  \" style=\"\" ><\/div>[\/vc_column][\/vc_row][vc_row][vc_column]<style>.portfolio.news-grid#style-c48f74f .portfolio-item:not(.size-item), .preloader#style-preloader-c48f74f .portfolio-item { padding: calc(42px\/2) !important; }.portfolio.news-grid#style-c48f74f .portfolio-item.size-item { padding: 0 calc(42px\/2) !important; }.portfolio.news-grid#style-c48f74f .portfolio-row, .preloader#style-preloader-c48f74f .skeleton-posts.portfolio-row { margin: calc(-42px\/2); }.portfolio.news-grid#style-c48f74f.fullwidth-columns .portfolio-row { margin: calc(-42px\/2) 0; }.portfolio.news-grid#style-c48f74f .fullwidth-block:not(.no-paddings) { padding-left: 42px; padding-right: 42px; }.portfolio.news-grid#style-c48f74f .fullwidth-block .portfolio-row { padding-left: calc(42px\/2); padding-right: calc(42px\/2); }.portfolio.news-grid#style-c48f74f .fullwidth-block .portfolio-top-panel { padding-left: 42px; padding-right: 42px; }.portfolio.news-grid#style-c48f74f.fullwidth-columns .with-filter-sidebar .filter-sidebar { padding-left: 42px; }.portfolio.news-grid#style-c48f74f.list-style.with-divider .portfolio-item .wrap:before { top: calc(-42px\/2); }.portfolio.news-grid#style-c48f74f .portfolio-item .caption .title span { letter-spacing: px !important; }<\/style><style>.portfolio.news-grid#style-c48f74f .portfolio-filters { text-align: center; }<\/style>[\/vc_column][\/vc_row]<\/p>\n<\/div>","protected":false},"excerpt":{"rendered":"<p>[vc_row][vc_column][\/vc_column][\/vc_row][vc_row][vc_column][\/vc_column][\/vc_row][vc_row][vc_column][\/vc_column][\/vc_row][vc_row][vc_column][\/vc_column][\/vc_row][vc_row][vc_column][\/vc_column][\/vc_row]<\/p>\n","protected":false},"author":1,"featured_media":0,"parent":0,"menu_order":0,"comment_status":"closed","ping_status":"closed","template":"","meta":{"footnotes":""},"class_list":["post-508","page","type-page","status-publish"],"yoast_head":"<!-- This site is optimized with the Yoast SEO plugin v27.4 - https:\/\/yoast.com\/product\/yoast-seo-wordpress\/ -->\n<title>Portugal 24 - Portugal24.pt<\/title>\n<meta name=\"robots\" content=\"index, follow, max-snippet:-1, max-image-preview:large, max-video-preview:-1\" \/>\n<link rel=\"canonical\" href=\"https:\/\/portugal24.pt\/?page_id=508\" \/>\n<meta property=\"og:locale\" content=\"en_US\" \/>\n<meta property=\"og:type\" content=\"article\" \/>\n<meta property=\"og:title\" content=\"Portugal 24 - Portugal24.pt\" \/>\n<meta property=\"og:description\" content=\"[vc_row][vc_column][\/vc_column][\/vc_row][vc_row][vc_column][\/vc_column][\/vc_row][vc_row][vc_column][\/vc_column][\/vc_row][vc_row][vc_column][\/vc_column][\/vc_row][vc_row][vc_column][\/vc_column][\/vc_row]\" \/>\n<meta property=\"og:url\" content=\"https:\/\/portugal24.pt\/?page_id=508\" \/>\n<meta property=\"og:site_name\" content=\"Portugal24.pt\" \/>\n<meta property=\"article:modified_time\" content=\"2022-11-04T22:18:29+00:00\" \/>\n<meta name=\"twitter:card\" content=\"summary_large_image\" \/>\n<meta name=\"twitter:label1\" content=\"Est. reading time\" \/>\n\t<meta name=\"twitter:data1\" content=\"1 minute\" \/>\n<script type=\"application\/ld+json\" class=\"yoast-schema-graph\">{\"@context\":\"https:\\\/\\\/schema.org\",\"@graph\":[{\"@type\":\"WebPage\",\"@id\":\"https:\\\/\\\/portugal24.pt\\\/?page_id=508\",\"url\":\"https:\\\/\\\/portugal24.pt\\\/?page_id=508\",\"name\":\"Portugal 24 - Portugal24.pt\",\"isPartOf\":{\"@id\":\"https:\\\/\\\/portugal24.pt\\\/#website\"},\"datePublished\":\"2019-07-02T12:05:32+00:00\",\"dateModified\":\"2022-11-04T22:18:29+00:00\",\"breadcrumb\":{\"@id\":\"https:\\\/\\\/portugal24.pt\\\/?page_id=508#breadcrumb\"},\"inLanguage\":\"en-US\",\"potentialAction\":[{\"@type\":\"ReadAction\",\"target\":[\"https:\\\/\\\/portugal24.pt\\\/?page_id=508\"]}]},{\"@type\":\"BreadcrumbList\",\"@id\":\"https:\\\/\\\/portugal24.pt\\\/?page_id=508#breadcrumb\",\"itemListElement\":[{\"@type\":\"ListItem\",\"position\":1,\"name\":\"Home\",\"item\":\"https:\\\/\\\/portugal24.pt\\\/\"},{\"@type\":\"ListItem\",\"position\":2,\"name\":\"Portugal 24\"}]},{\"@type\":\"WebSite\",\"@id\":\"https:\\\/\\\/portugal24.pt\\\/#website\",\"url\":\"https:\\\/\\\/portugal24.pt\\\/\",\"name\":\"Portugal24.pt\",\"description\":\"Just another WordPress site\",\"potentialAction\":[{\"@type\":\"SearchAction\",\"target\":{\"@type\":\"EntryPoint\",\"urlTemplate\":\"https:\\\/\\\/portugal24.pt\\\/?s={search_term_string}\"},\"query-input\":{\"@type\":\"PropertyValueSpecification\",\"valueRequired\":true,\"valueName\":\"search_term_string\"}}],\"inLanguage\":\"en-US\"}]}<\/script>\n<!-- \/ Yoast SEO plugin. -->","yoast_head_json":{"title":"Portugal 24 - Portugal24.pt","robots":{"index":"index","follow":"follow","max-snippet":"max-snippet:-1","max-image-preview":"max-image-preview:large","max-video-preview":"max-video-preview:-1"},"canonical":"https:\/\/portugal24.pt\/?page_id=508","og_locale":"en_US","og_type":"article","og_title":"Portugal 24 - Portugal24.pt","og_description":"[vc_row][vc_column][\/vc_column][\/vc_row][vc_row][vc_column][\/vc_column][\/vc_row][vc_row][vc_column][\/vc_column][\/vc_row][vc_row][vc_column][\/vc_column][\/vc_row][vc_row][vc_column][\/vc_column][\/vc_row]","og_url":"https:\/\/portugal24.pt\/?page_id=508","og_site_name":"Portugal24.pt","article_modified_time":"2022-11-04T22:18:29+00:00","twitter_card":"summary_large_image","twitter_misc":{"Est. reading time":"1 minute"},"schema":{"@context":"https:\/\/schema.org","@graph":[{"@type":"WebPage","@id":"https:\/\/portugal24.pt\/?page_id=508","url":"https:\/\/portugal24.pt\/?page_id=508","name":"Portugal 24 - Portugal24.pt","isPartOf":{"@id":"https:\/\/portugal24.pt\/#website"},"datePublished":"2019-07-02T12:05:32+00:00","dateModified":"2022-11-04T22:18:29+00:00","breadcrumb":{"@id":"https:\/\/portugal24.pt\/?page_id=508#breadcrumb"},"inLanguage":"en-US","potentialAction":[{"@type":"ReadAction","target":["https:\/\/portugal24.pt\/?page_id=508"]}]},{"@type":"BreadcrumbList","@id":"https:\/\/portugal24.pt\/?page_id=508#breadcrumb","itemListElement":[{"@type":"ListItem","position":1,"name":"Home","item":"https:\/\/portugal24.pt\/"},{"@type":"ListItem","position":2,"name":"Portugal 24"}]},{"@type":"WebSite","@id":"https:\/\/portugal24.pt\/#website","url":"https:\/\/portugal24.pt\/","name":"Portugal24.pt","description":"Just another WordPress site","potentialAction":[{"@type":"SearchAction","target":{"@type":"EntryPoint","urlTemplate":"https:\/\/portugal24.pt\/?s={search_term_string}"},"query-input":{"@type":"PropertyValueSpecification","valueRequired":true,"valueName":"search_term_string"}}],"inLanguage":"en-US"}]}},"jetpack_sharing_enabled":true,"_links":{"self":[{"href":"https:\/\/portugal24.pt\/index.php?rest_route=\/wp\/v2\/pages\/508","targetHints":{"allow":["GET"]}}],"collection":[{"href":"https:\/\/portugal24.pt\/index.php?rest_route=\/wp\/v2\/pages"}],"about":[{"href":"https:\/\/portugal24.pt\/index.php?rest_route=\/wp\/v2\/types\/page"}],"author":[{"embeddable":true,"href":"https:\/\/portugal24.pt\/index.php?rest_route=\/wp\/v2\/users\/1"}],"replies":[{"embeddable":true,"href":"https:\/\/portugal24.pt\/index.php?rest_route=%2Fwp%2Fv2%2Fcomments&post=508"}],"version-history":[{"count":4,"href":"https:\/\/portugal24.pt\/index.php?rest_route=\/wp\/v2\/pages\/508\/revisions"}],"predecessor-version":[{"id":1228,"href":"https:\/\/portugal24.pt\/index.php?rest_route=\/wp\/v2\/pages\/508\/revisions\/1228"}],"wp:attachment":[{"href":"https:\/\/portugal24.pt\/index.php?rest_route=%2Fwp%2Fv2%2Fmedia&parent=508"}],"curies":[{"name":"wp","href":"https:\/\/api.w.org\/{rel}","templated":true}]}}